{"id":3926,"date":"2020-01-29T15:01:52","date_gmt":"2020-01-29T14:01:52","guid":{"rendered":"https:\/\/www.valdeloire-travel.com\/?page_id=3926"},"modified":"2020-01-29T15:01:52","modified_gmt":"2020-01-29T14:01:52","slug":"valle-della-loira","status":"publish","type":"page","link":"https:\/\/www.valdeloire-travel.com\/it\/valle-della-loira\/","title":{"rendered":"Valle della Loira"},"content":{"rendered":"<p><u>Le ricchezze della Valle della Loira<\/u><\/p>\n<p><strong>La Valle della Loira<\/strong>, evoca solo col proprio nome; <strong>un patrimonio culturale immenso nel quale ritroviamo l&#8217;arte del saper vivere e la gastronomia francese.<\/strong><\/p>\n<p>Aprite grande i vostri occhi e ammirate con stupefacenza <strong>i castelli della Loira: Chenonceau, Amboise, Azay-le-Rideau, Chaumont-sur-Loire, Langeais, Blois, Chambord<\/strong> e molti altri.<\/p>\n<p>I re di Francia hanno voluto lasciare la loro impronta sulle pietre attraverso un architettura novatrice e audace.<\/p>\n<p><strong>I castelli<\/strong>\u00a0hanno tutti un segreto in comune: la loro eterna giovinezza.<\/p>\n<p><u>La visita della Valle della Loira<\/u><\/p>\n<p>Rendetevi nei suoi <strong>giardini<\/strong> famosi in tutto il mondo: <strong>Villandry, Valmer, Le Rivau, la Bourdaisi\u00e8re.<\/strong> Ascoltate le parole d<strong>i Balzac, Ronsard, Rabelais e Descartes.<\/strong><\/p>\n<p>Andate incontro al pi\u00f9 grande genio di tutti i tempi: <strong>Leonardo da Vinci<\/strong> per celebrare il\u00a0<b>500esimo\u00a0anniversario<\/b> del suo stabilimento nel <strong>maniero del Clos Luc\u00e9.<\/strong><\/p>\n<p>La Loira fu la musa ispiratrice anche per tanti pittori colla sua luce. Come per: Georges Souillet, Emmanuel Lansyer, William Turner e Marx Ernst.<\/p>\n<p>Anche molti scrittori passarono in questa zona: <strong>Voltaire, Jean-Jacques Rousseau, Gustave Flaubert, Alexandre Dumas e Victor Hugo.<\/strong><\/p>\n<p>Nel quarto secolo, <strong>il Val de Loire <\/strong>ha conosciuto il suo personaggio pi\u00f9 illustre, <strong>Martino.\u00a0 <\/strong><\/p>\n<p>E diventato famoso grazie alla <strong>leggenda del mantello<\/strong> che ha dato ad un povero uomo che moriva dal freddo.<\/p>\n<p>Fare un viaggio nel Val de Loire favorisce il dialogo tra varie culture, impara a condividere ed ad essere tolleranti.<\/p>\n<p>Terra del vino, il Val de Loire possiede il vigneto pi\u00f9 grande di Francia.<\/p>\n<p>Famoso anche per la sua ospitalit\u00e0, il <strong>\u00ab jardin de la France\u00bb<\/strong>\u00a0 coltiva l&#8217;arte del saper vivere alla francese e figura fra le 4 <strong>citt\u00e0 gastronomiche pi\u00f9 importanti della Francia.<\/strong><\/p>\n<p><u>La Valle della Loira, patrimonio mondiale dell&#8217;UNESCO<\/u><\/p>\n<p>Questa destinazione ha saputo usufruire di una riconoscenza a livello internazionale da quando \u00e8 stata <strong>iscritta al patrimonio mondiale dell&#8217;UNESCO nel 2000.<\/strong><\/p>\n<p>Vari criteri sono stati determinanti:<\/p>\n<ul>\n<li>Il Val de Loire \u00e8 notevole per la qualit\u00e0 del suo patrimonio architettonico, le sue citt\u00e0 storiche, e specialmente per i suoi castelli famosi in tutto il mondo.<\/li>\n<li>Il Val de Loire possiede dei paesaggi eccezionali lungo un fiume importante.<\/li>\n<\/ul>\n<p>E testimone dello dello sviluppo del raporto tra l&#8217;uomo ed il suo ambiente.<\/p>\n<ul>\n<li>Molti monumenti culturali, mettono in rilieve gli ideali del Rinascimento e dei Lumi.<\/li>\n<\/ul>\n","protected":false},"excerpt":{"rendered":"<p>Le ricchezze della Valle della Loira La Valle della Loira, evoca solo col proprio nome; un patrimonio culturale immenso nel quale ritroviamo l&#8217;arte del saper vivere e la gastronomia francese. Aprite grande i vostri occhi e ammirate con stupefacenza i castelli della Loira: Chenonceau, Amboise, Azay-le-Rideau, Chaumont-sur-Loire, Langeais, Blois, Chambord e molti altri. I re [&hellip;]<\/p>\n","protected":false},"author":6,"featured_media":0,"parent":0,"menu_order":0,"comment_status":"closed","ping_status":"closed","template":"","meta":{"_acf_changed":false,"inline_featured_image":false,"footnotes":""},"class_list":["post-3926","page","type-page","status-publish","hentry"],"acf":[],"yoast_head":"<!-- This site is optimized with the Yoast SEO plugin v27.4 - https:\/\/yoast.com\/product\/yoast-seo-wordpress\/ -->\n<title>La Valle della Loira, patrimonio mondiale dell&#039;UNESCO<\/title>\n<meta name=\"description\" content=\"La Valle della Loira, evoca solo col proprio nome; un patrimonio culturale immenso nel quale ritroviamo l&#039;arte del saper vivere e la gastronomia francese.\" \/>\n<meta name=\"robots\" content=\"index, follow, max-snippet:-1, max-image-preview:large, max-video-preview:-1\" \/>\n<link rel=\"canonical\" href=\"https:\/\/www.valdeloire-travel.com\/it\/valle-della-loira\/\" \/>\n<meta property=\"og:locale\" content=\"it_IT\" \/>\n<meta property=\"og:type\" content=\"article\" \/>\n<meta property=\"og:title\" content=\"La Valle della Loira, patrimonio mondiale dell&#039;UNESCO\" \/>\n<meta property=\"og:description\" content=\"La Valle della Loira, evoca solo col proprio nome; un patrimonio culturale immenso nel quale ritroviamo l&#039;arte del saper vivere e la gastronomia francese.\" \/>\n<meta property=\"og:url\" content=\"https:\/\/www.valdeloire-travel.com\/it\/valle-della-loira\/\" \/>\n<meta property=\"og:site_name\" content=\"Val de Loire Travel\" \/>\n<meta name=\"twitter:card\" content=\"summary_large_image\" \/>\n<meta name=\"twitter:label1\" content=\"Tempo di lettura stimato\" \/>\n\t<meta name=\"twitter:data1\" content=\"2 minuti\" \/>\n<script type=\"application\/ld+json\" class=\"yoast-schema-graph\">{\"@context\":\"https:\\\/\\\/schema.org\",\"@graph\":[{\"@type\":\"WebPage\",\"@id\":\"https:\\\/\\\/www.valdeloire-travel.com\\\/it\\\/valle-della-loira\\\/\",\"url\":\"https:\\\/\\\/www.valdeloire-travel.com\\\/it\\\/valle-della-loira\\\/\",\"name\":\"La Valle della Loira, patrimonio mondiale dell'UNESCO\",\"isPartOf\":{\"@id\":\"https:\\\/\\\/www.valdeloire-travel.com\\\/en\\\/#website\"},\"datePublished\":\"2020-01-29T14:01:52+00:00\",\"description\":\"La Valle della Loira, evoca solo col proprio nome; un patrimonio culturale immenso nel quale ritroviamo l'arte del saper vivere e la gastronomia francese.\",\"breadcrumb\":{\"@id\":\"https:\\\/\\\/www.valdeloire-travel.com\\\/it\\\/valle-della-loira\\\/#breadcrumb\"},\"inLanguage\":\"it-IT\",\"potentialAction\":[{\"@type\":\"ReadAction\",\"target\":[\"https:\\\/\\\/www.valdeloire-travel.com\\\/it\\\/valle-della-loira\\\/\"]}]},{\"@type\":\"BreadcrumbList\",\"@id\":\"https:\\\/\\\/www.valdeloire-travel.com\\\/it\\\/valle-della-loira\\\/#breadcrumb\",\"itemListElement\":[{\"@type\":\"ListItem\",\"position\":1,\"name\":\"Accueil\",\"item\":\"https:\\\/\\\/www.valdeloire-travel.com\\\/it\\\/\"},{\"@type\":\"ListItem\",\"position\":2,\"name\":\"Valle della Loira\"}]},{\"@type\":\"WebSite\",\"@id\":\"https:\\\/\\\/www.valdeloire-travel.com\\\/en\\\/#website\",\"url\":\"https:\\\/\\\/www.valdeloire-travel.com\\\/en\\\/\",\"name\":\"Val de Loire Travel\",\"description\":\"\",\"potentialAction\":[{\"@type\":\"SearchAction\",\"target\":{\"@type\":\"EntryPoint\",\"urlTemplate\":\"https:\\\/\\\/www.valdeloire-travel.com\\\/en\\\/?s={search_term_string}\"},\"query-input\":{\"@type\":\"PropertyValueSpecification\",\"valueRequired\":true,\"valueName\":\"search_term_string\"}}],\"inLanguage\":\"it-IT\"}]}<\/script>\n<!-- \/ Yoast SEO plugin. -->","yoast_head_json":{"title":"La Valle della Loira, patrimonio mondiale dell'UNESCO","description":"La Valle della Loira, evoca solo col proprio nome; un patrimonio culturale immenso nel quale ritroviamo l'arte del saper vivere e la gastronomia francese.","robots":{"index":"index","follow":"follow","max-snippet":"max-snippet:-1","max-image-preview":"max-image-preview:large","max-video-preview":"max-video-preview:-1"},"canonical":"https:\/\/www.valdeloire-travel.com\/it\/valle-della-loira\/","og_locale":"it_IT","og_type":"article","og_title":"La Valle della Loira, patrimonio mondiale dell'UNESCO","og_description":"La Valle della Loira, evoca solo col proprio nome; un patrimonio culturale immenso nel quale ritroviamo l'arte del saper vivere e la gastronomia francese.","og_url":"https:\/\/www.valdeloire-travel.com\/it\/valle-della-loira\/","og_site_name":"Val de Loire Travel","twitter_card":"summary_large_image","twitter_misc":{"Tempo di lettura stimato":"2 minuti"},"schema":{"@context":"https:\/\/schema.org","@graph":[{"@type":"WebPage","@id":"https:\/\/www.valdeloire-travel.com\/it\/valle-della-loira\/","url":"https:\/\/www.valdeloire-travel.com\/it\/valle-della-loira\/","name":"La Valle della Loira, patrimonio mondiale dell'UNESCO","isPartOf":{"@id":"https:\/\/www.valdeloire-travel.com\/en\/#website"},"datePublished":"2020-01-29T14:01:52+00:00","description":"La Valle della Loira, evoca solo col proprio nome; un patrimonio culturale immenso nel quale ritroviamo l'arte del saper vivere e la gastronomia francese.","breadcrumb":{"@id":"https:\/\/www.valdeloire-travel.com\/it\/valle-della-loira\/#breadcrumb"},"inLanguage":"it-IT","potentialAction":[{"@type":"ReadAction","target":["https:\/\/www.valdeloire-travel.com\/it\/valle-della-loira\/"]}]},{"@type":"BreadcrumbList","@id":"https:\/\/www.valdeloire-travel.com\/it\/valle-della-loira\/#breadcrumb","itemListElement":[{"@type":"ListItem","position":1,"name":"Accueil","item":"https:\/\/www.valdeloire-travel.com\/it\/"},{"@type":"ListItem","position":2,"name":"Valle della Loira"}]},{"@type":"WebSite","@id":"https:\/\/www.valdeloire-travel.com\/en\/#website","url":"https:\/\/www.valdeloire-travel.com\/en\/","name":"Val de Loire Travel","description":"","potentialAction":[{"@type":"SearchAction","target":{"@type":"EntryPoint","urlTemplate":"https:\/\/www.valdeloire-travel.com\/en\/?s={search_term_string}"},"query-input":{"@type":"PropertyValueSpecification","valueRequired":true,"valueName":"search_term_string"}}],"inLanguage":"it-IT"}]}},"_links":{"self":[{"href":"https:\/\/www.valdeloire-travel.com\/it\/wp-json\/wp\/v2\/pages\/3926","targetHints":{"allow":["GET"]}}],"collection":[{"href":"https:\/\/www.valdeloire-travel.com\/it\/wp-json\/wp\/v2\/pages"}],"about":[{"href":"https:\/\/www.valdeloire-travel.com\/it\/wp-json\/wp\/v2\/types\/page"}],"author":[{"embeddable":true,"href":"https:\/\/www.valdeloire-travel.com\/it\/wp-json\/wp\/v2\/users\/6"}],"replies":[{"embeddable":true,"href":"https:\/\/www.valdeloire-travel.com\/it\/wp-json\/wp\/v2\/comments?post=3926"}],"version-history":[{"count":1,"href":"https:\/\/www.valdeloire-travel.com\/it\/wp-json\/wp\/v2\/pages\/3926\/revisions"}],"predecessor-version":[{"id":3927,"href":"https:\/\/www.valdeloire-travel.com\/it\/wp-json\/wp\/v2\/pages\/3926\/revisions\/3927"}],"wp:attachment":[{"href":"https:\/\/www.valdeloire-travel.com\/it\/wp-json\/wp\/v2\/media?parent=3926"}],"curies":[{"name":"wp","href":"https:\/\/api.w.org\/{rel}","templated":true}]}}