{"id":3832,"date":"2020-01-29T14:04:26","date_gmt":"2020-01-29T13:04:26","guid":{"rendered":"https:\/\/www.valdeloire-travel.com\/?page_id=3832"},"modified":"2020-02-06T17:45:14","modified_gmt":"2020-02-06T16:45:14","slug":"noi","status":"publish","type":"page","link":"https:\/\/www.valdeloire-travel.com\/it\/noi\/","title":{"rendered":"Noi"},"content":{"rendered":"<p>Thomas More ha inventato la parola Utopia nel 1516, per definire una societ\u00e0 immaginaria ideale dove gli individui vivono felici ed in armonia cogl&#8217;altri.<br \/>\nDopo aver percorso il mondo durante sette anni, ho capito che il senso della parola Utopia non era tanto lontano dalla realt\u00e0 nella quale ho vissuto nel Val de Loire dall&#8217;infanzia fino ad oggi.<\/p>\n<p>In questo senso ho deciso di creare un&#8217;agenzia di viaggi di ricezione touristica specializzata appunto nella visita del Val de Loire e di chiamarla Val de Loire Travel.<\/p>\n<p>Impiantata nel centro della citt\u00e0 di Tours, la nostra squadra a come obiettivo di proporvi delle esperienze uniche ed autentiche intorno all&#8217;arte del saper vivere alla francese.<\/p>\n<p>Il nostro impegno sar\u00e0, di farvi scoprire la regione senza problemi con i nostri partner, professionisti ed esperti innamorati del Val de Loire.<\/p>\n<p>In coppia, in famiglia o con\u00a0degli amici; vi offriamo la possibilit\u00e0 di realizzare un viaggio autentico; alla scoperta della storia, del patrimonio, dei prodotti locali e della gastronomia del \u00ab jardin de France \u00bb.<\/p>\n<p>Val de Loire Travel ha creato tutta una serie di packages che offrono dei percorsi basati su dei temi specifici che si possono fare da solo o col gruppo.<\/p>\n<p>Ovviamente potrete anche sceglierne uno in base alle vostre attese ed i vostri bisogni.<\/p>\n<p>Vi offriamo anche questa possibilit\u00e0 per vivere un&#8217;esperienza unica.<\/p>\n<p>La nostra politica \u00e8 di proporvi dei servizi di qualit\u00e0. Per questo motivo abbiamo deciso di creare un partnership con il marchio \u00ab VIGNOBLES &#038; DECOUVERTES \u00bb che garantisce appunto l&#8217;eccellenza culturale dei posti visitati ed attivit\u00e0 proposte.<\/p>\n<p>La nostra piattaforma per le prenotazioni ed i pagamenti online \u00e8 sicura; e vi dar\u00e0 la possibilit\u00e0 di regalare un viaggio ad un&#8217;amico o ad un vostro parente.<\/p>\n<p>Le nostre prestazioni giornalieri includono il trasporto, l&#8217;accesso ai posti visitati, i pranzi, le visite delle cantine e la degustazione dei vini e dei prodotti locali.<\/p>\n<p>Scegliere Val de Loire Travel vuol dire garantirsi un servizio unico, affidabile e sicuro.<\/p>\n","protected":false},"excerpt":{"rendered":"<p>Thomas More ha inventato la parola Utopia nel 1516, per definire una societ\u00e0 immaginaria ideale dove gli individui vivono felici ed in armonia cogl&#8217;altri. Dopo aver percorso il mondo durante sette anni, ho capito che il senso della parola Utopia non era tanto lontano dalla realt\u00e0 nella quale ho vissuto nel Val de Loire dall&#8217;infanzia [&hellip;]<\/p>\n","protected":false},"author":6,"featured_media":3848,"parent":0,"menu_order":0,"comment_status":"closed","ping_status":"closed","template":"templates\/about.php","meta":{"_acf_changed":false,"inline_featured_image":false,"footnotes":""},"class_list":["post-3832","page","type-page","status-publish","has-post-thumbnail","hentry"],"acf":[],"yoast_head":"<!-- This site is optimized with the Yoast SEO plugin v27.4 - https:\/\/yoast.com\/product\/yoast-seo-wordpress\/ -->\n<title>Scegliere Val de Loire Travel \u00e8 garantirsi un servizio affidabile e sicuro<\/title>\n<meta name=\"description\" content=\"Le nostre prestazioni includono trasporto, l&#039;accesso ai posti visitati, i pranzi, le visite delle cantine e la degustazione dei vini e dei prodotti locali.\" \/>\n<meta name=\"robots\" content=\"index, follow, max-snippet:-1, max-image-preview:large, max-video-preview:-1\" \/>\n<link rel=\"canonical\" href=\"https:\/\/www.valdeloire-travel.com\/it\/noi\/\" \/>\n<meta property=\"og:locale\" content=\"it_IT\" \/>\n<meta property=\"og:type\" content=\"article\" \/>\n<meta property=\"og:title\" content=\"Scegliere Val de Loire Travel \u00e8 garantirsi un servizio affidabile e sicuro\" \/>\n<meta property=\"og:description\" content=\"Le nostre prestazioni includono trasporto, l&#039;accesso ai posti visitati, i pranzi, le visite delle cantine e la degustazione dei vini e dei prodotti locali.\" \/>\n<meta property=\"og:url\" content=\"https:\/\/www.valdeloire-travel.com\/it\/noi\/\" \/>\n<meta property=\"og:site_name\" content=\"Val de Loire Travel\" \/>\n<meta property=\"article:modified_time\" content=\"2020-02-06T16:45:14+00:00\" \/>\n<meta property=\"og:image\" content=\"https:\/\/www.valdeloire-travel.com\/wp-content\/uploads\/2018\/02\/panorama-1.jpg\" \/>\n\t<meta property=\"og:image:width\" content=\"1344\" \/>\n\t<meta property=\"og:image:height\" content=\"760\" \/>\n\t<meta property=\"og:image:type\" content=\"image\/jpeg\" \/>\n<meta name=\"twitter:card\" content=\"summary_large_image\" \/>\n<meta name=\"twitter:label1\" content=\"Tempo di lettura stimato\" \/>\n\t<meta name=\"twitter:data1\" content=\"2 minuti\" \/>\n<script type=\"application\/ld+json\" class=\"yoast-schema-graph\">{\"@context\":\"https:\\\/\\\/schema.org\",\"@graph\":[{\"@type\":\"WebPage\",\"@id\":\"https:\\\/\\\/www.valdeloire-travel.com\\\/it\\\/noi\\\/\",\"url\":\"https:\\\/\\\/www.valdeloire-travel.com\\\/it\\\/noi\\\/\",\"name\":\"Scegliere Val de Loire Travel \u00e8 garantirsi un servizio affidabile e sicuro\",\"isPartOf\":{\"@id\":\"https:\\\/\\\/www.valdeloire-travel.com\\\/en\\\/#website\"},\"primaryImageOfPage\":{\"@id\":\"https:\\\/\\\/www.valdeloire-travel.com\\\/it\\\/noi\\\/#primaryimage\"},\"image\":{\"@id\":\"https:\\\/\\\/www.valdeloire-travel.com\\\/it\\\/noi\\\/#primaryimage\"},\"thumbnailUrl\":\"https:\\\/\\\/www.valdeloire-travel.com\\\/wp-content\\\/uploads\\\/2018\\\/02\\\/panorama-1.jpg\",\"datePublished\":\"2020-01-29T13:04:26+00:00\",\"dateModified\":\"2020-02-06T16:45:14+00:00\",\"description\":\"Le nostre prestazioni includono trasporto, l'accesso ai posti visitati, i pranzi, le visite delle cantine e la degustazione dei vini e dei prodotti locali.\",\"breadcrumb\":{\"@id\":\"https:\\\/\\\/www.valdeloire-travel.com\\\/it\\\/noi\\\/#breadcrumb\"},\"inLanguage\":\"it-IT\",\"potentialAction\":[{\"@type\":\"ReadAction\",\"target\":[\"https:\\\/\\\/www.valdeloire-travel.com\\\/it\\\/noi\\\/\"]}]},{\"@type\":\"ImageObject\",\"inLanguage\":\"it-IT\",\"@id\":\"https:\\\/\\\/www.valdeloire-travel.com\\\/it\\\/noi\\\/#primaryimage\",\"url\":\"https:\\\/\\\/www.valdeloire-travel.com\\\/wp-content\\\/uploads\\\/2018\\\/02\\\/panorama-1.jpg\",\"contentUrl\":\"https:\\\/\\\/www.valdeloire-travel.com\\\/wp-content\\\/uploads\\\/2018\\\/02\\\/panorama-1.jpg\",\"width\":1344,\"height\":760},{\"@type\":\"BreadcrumbList\",\"@id\":\"https:\\\/\\\/www.valdeloire-travel.com\\\/it\\\/noi\\\/#breadcrumb\",\"itemListElement\":[{\"@type\":\"ListItem\",\"position\":1,\"name\":\"Accueil\",\"item\":\"https:\\\/\\\/www.valdeloire-travel.com\\\/it\\\/\"},{\"@type\":\"ListItem\",\"position\":2,\"name\":\"Noi\"}]},{\"@type\":\"WebSite\",\"@id\":\"https:\\\/\\\/www.valdeloire-travel.com\\\/en\\\/#website\",\"url\":\"https:\\\/\\\/www.valdeloire-travel.com\\\/en\\\/\",\"name\":\"Val de Loire Travel\",\"description\":\"\",\"potentialAction\":[{\"@type\":\"SearchAction\",\"target\":{\"@type\":\"EntryPoint\",\"urlTemplate\":\"https:\\\/\\\/www.valdeloire-travel.com\\\/en\\\/?s={search_term_string}\"},\"query-input\":{\"@type\":\"PropertyValueSpecification\",\"valueRequired\":true,\"valueName\":\"search_term_string\"}}],\"inLanguage\":\"it-IT\"}]}<\/script>\n<!-- \/ Yoast SEO plugin. -->","yoast_head_json":{"title":"Scegliere Val de Loire Travel \u00e8 garantirsi un servizio affidabile e sicuro","description":"Le nostre prestazioni includono trasporto, l'accesso ai posti visitati, i pranzi, le visite delle cantine e la degustazione dei vini e dei prodotti locali.","robots":{"index":"index","follow":"follow","max-snippet":"max-snippet:-1","max-image-preview":"max-image-preview:large","max-video-preview":"max-video-preview:-1"},"canonical":"https:\/\/www.valdeloire-travel.com\/it\/noi\/","og_locale":"it_IT","og_type":"article","og_title":"Scegliere Val de Loire Travel \u00e8 garantirsi un servizio affidabile e sicuro","og_description":"Le nostre prestazioni includono trasporto, l'accesso ai posti visitati, i pranzi, le visite delle cantine e la degustazione dei vini e dei prodotti locali.","og_url":"https:\/\/www.valdeloire-travel.com\/it\/noi\/","og_site_name":"Val de Loire Travel","article_modified_time":"2020-02-06T16:45:14+00:00","og_image":[{"width":1344,"height":760,"url":"https:\/\/www.valdeloire-travel.com\/wp-content\/uploads\/2018\/02\/panorama-1.jpg","type":"image\/jpeg"}],"twitter_card":"summary_large_image","twitter_misc":{"Tempo di lettura stimato":"2 minuti"},"schema":{"@context":"https:\/\/schema.org","@graph":[{"@type":"WebPage","@id":"https:\/\/www.valdeloire-travel.com\/it\/noi\/","url":"https:\/\/www.valdeloire-travel.com\/it\/noi\/","name":"Scegliere Val de Loire Travel \u00e8 garantirsi un servizio affidabile e sicuro","isPartOf":{"@id":"https:\/\/www.valdeloire-travel.com\/en\/#website"},"primaryImageOfPage":{"@id":"https:\/\/www.valdeloire-travel.com\/it\/noi\/#primaryimage"},"image":{"@id":"https:\/\/www.valdeloire-travel.com\/it\/noi\/#primaryimage"},"thumbnailUrl":"https:\/\/www.valdeloire-travel.com\/wp-content\/uploads\/2018\/02\/panorama-1.jpg","datePublished":"2020-01-29T13:04:26+00:00","dateModified":"2020-02-06T16:45:14+00:00","description":"Le nostre prestazioni includono trasporto, l'accesso ai posti visitati, i pranzi, le visite delle cantine e la degustazione dei vini e dei prodotti locali.","breadcrumb":{"@id":"https:\/\/www.valdeloire-travel.com\/it\/noi\/#breadcrumb"},"inLanguage":"it-IT","potentialAction":[{"@type":"ReadAction","target":["https:\/\/www.valdeloire-travel.com\/it\/noi\/"]}]},{"@type":"ImageObject","inLanguage":"it-IT","@id":"https:\/\/www.valdeloire-travel.com\/it\/noi\/#primaryimage","url":"https:\/\/www.valdeloire-travel.com\/wp-content\/uploads\/2018\/02\/panorama-1.jpg","contentUrl":"https:\/\/www.valdeloire-travel.com\/wp-content\/uploads\/2018\/02\/panorama-1.jpg","width":1344,"height":760},{"@type":"BreadcrumbList","@id":"https:\/\/www.valdeloire-travel.com\/it\/noi\/#breadcrumb","itemListElement":[{"@type":"ListItem","position":1,"name":"Accueil","item":"https:\/\/www.valdeloire-travel.com\/it\/"},{"@type":"ListItem","position":2,"name":"Noi"}]},{"@type":"WebSite","@id":"https:\/\/www.valdeloire-travel.com\/en\/#website","url":"https:\/\/www.valdeloire-travel.com\/en\/","name":"Val de Loire Travel","description":"","potentialAction":[{"@type":"SearchAction","target":{"@type":"EntryPoint","urlTemplate":"https:\/\/www.valdeloire-travel.com\/en\/?s={search_term_string}"},"query-input":{"@type":"PropertyValueSpecification","valueRequired":true,"valueName":"search_term_string"}}],"inLanguage":"it-IT"}]}},"_links":{"self":[{"href":"https:\/\/www.valdeloire-travel.com\/it\/wp-json\/wp\/v2\/pages\/3832","targetHints":{"allow":["GET"]}}],"collection":[{"href":"https:\/\/www.valdeloire-travel.com\/it\/wp-json\/wp\/v2\/pages"}],"about":[{"href":"https:\/\/www.valdeloire-travel.com\/it\/wp-json\/wp\/v2\/types\/page"}],"author":[{"embeddable":true,"href":"https:\/\/www.valdeloire-travel.com\/it\/wp-json\/wp\/v2\/users\/6"}],"replies":[{"embeddable":true,"href":"https:\/\/www.valdeloire-travel.com\/it\/wp-json\/wp\/v2\/comments?post=3832"}],"version-history":[{"count":6,"href":"https:\/\/www.valdeloire-travel.com\/it\/wp-json\/wp\/v2\/pages\/3832\/revisions"}],"predecessor-version":[{"id":4272,"href":"https:\/\/www.valdeloire-travel.com\/it\/wp-json\/wp\/v2\/pages\/3832\/revisions\/4272"}],"wp:featuredmedia":[{"embeddable":true,"href":"https:\/\/www.valdeloire-travel.com\/it\/wp-json\/wp\/v2\/media\/3848"}],"wp:attachment":[{"href":"https:\/\/www.valdeloire-travel.com\/it\/wp-json\/wp\/v2\/media?parent=3832"}],"curies":[{"name":"wp","href":"https:\/\/api.w.org\/{rel}","templated":true}]}}