{"id":3565,"date":"2019-12-23T17:57:13","date_gmt":"2019-12-23T16:57:13","guid":{"rendered":"https:\/\/www.valdeloire-travel.com\/?post_type=product&#038;p=3565"},"modified":"2025-11-21T11:17:35","modified_gmt":"2025-11-21T10:17:35","slug":"fontevraud","status":"publish","type":"product","link":"https:\/\/www.valdeloire-travel.com\/en\/produit\/fontevraud\/","title":{"rendered":"Fontevraud, Chinon &#038; Villandry"},"content":{"rendered":"","protected":false},"excerpt":{"rendered":"","protected":false},"featured_media":1072,"comment_status":"closed","ping_status":"closed","template":"","meta":{"_acf_changed":false,"inline_featured_image":false},"product_brand":[],"product_cat":[38],"product_tag":[],"class_list":{"0":"post-3565","1":"product","2":"type-product","3":"status-publish","4":"has-post-thumbnail","6":"product_cat-castle-tour-en","7":"tm-has-options","9":"first","10":"instock","11":"virtual","12":"sold-individually","13":"purchasable","14":"product-type-booking"},"acf":[],"yoast_head":"<!-- This site is optimized with the Yoast SEO plugin v27.3 - https:\/\/yoast.com\/product\/yoast-seo-wordpress\/ -->\n<title>All inclusive day trip around Fontevraud and Villandry&#039;s gardens.<\/title>\n<meta name=\"description\" content=\"Visit the abbey of Fontevraud, lunch and wine included in a wonderful vineyard in Bourgueil and Villandry&#039;s castle and gardens\" \/>\n<meta name=\"robots\" content=\"index, follow, max-snippet:-1, max-image-preview:large, max-video-preview:-1\" \/>\n<link rel=\"canonical\" href=\"https:\/\/www.valdeloire-travel.com\/en\/produit\/fontevraud\/\" \/>\n<meta property=\"og:locale\" content=\"en_US\" \/>\n<meta property=\"og:type\" content=\"article\" \/>\n<meta property=\"og:title\" content=\"Jardin de la France Day\" \/>\n<meta property=\"og:description\" content=\"Votre qu\u00eate d\u2019authenticit\u00e9 d\u00e9butera par la visite du ch\u00e2teau d\u2019Azay-le-Rideau ; construit sur une \u00eele entour\u00e9e par l\u2019Indre, il est consid\u00e9r\u00e9 par les sp\u00e9cialistes comme le joyau du Val de Loire.\" \/>\n<meta property=\"og:url\" content=\"https:\/\/www.valdeloire-travel.com\/en\/produit\/fontevraud\/\" \/>\n<meta property=\"og:site_name\" content=\"Val de Loire Travel\" \/>\n<meta property=\"article:modified_time\" content=\"2025-11-21T10:17:35+00:00\" \/>\n<meta property=\"og:image\" content=\"http:\/\/www.valdeloire-travel.com\/wp-content\/uploads\/2017\/06\/Sans-titre-1.png\" \/>\n<meta name=\"twitter:card\" content=\"summary_large_image\" \/>\n<meta name=\"twitter:label1\" content=\"Est. reading time\" \/>\n\t<meta name=\"twitter:data1\" content=\"1 minute\" \/>\n<script type=\"application\/ld+json\" class=\"yoast-schema-graph\">{\"@context\":\"https:\\\/\\\/schema.org\",\"@graph\":[{\"@type\":\"WebPage\",\"@id\":\"https:\\\/\\\/www.valdeloire-travel.com\\\/en\\\/produit\\\/fontevraud\\\/\",\"url\":\"https:\\\/\\\/www.valdeloire-travel.com\\\/en\\\/produit\\\/fontevraud\\\/\",\"name\":\"All inclusive day trip around Fontevraud and Villandry's gardens.\",\"isPartOf\":{\"@id\":\"https:\\\/\\\/www.valdeloire-travel.com\\\/en\\\/#website\"},\"primaryImageOfPage\":{\"@id\":\"https:\\\/\\\/www.valdeloire-travel.com\\\/en\\\/produit\\\/fontevraud\\\/#primaryimage\"},\"image\":{\"@id\":\"https:\\\/\\\/www.valdeloire-travel.com\\\/en\\\/produit\\\/fontevraud\\\/#primaryimage\"},\"thumbnailUrl\":\"https:\\\/\\\/www.valdeloire-travel.com\\\/wp-content\\\/uploads\\\/2017\\\/06\\\/Abbaye-de-Fontevraud-2-1.jpg\",\"datePublished\":\"2019-12-23T16:57:13+00:00\",\"dateModified\":\"2025-11-21T10:17:35+00:00\",\"description\":\"Visit the abbey of Fontevraud, lunch and wine included in a wonderful vineyard in Bourgueil and Villandry's castle and gardens\",\"breadcrumb\":{\"@id\":\"https:\\\/\\\/www.valdeloire-travel.com\\\/en\\\/produit\\\/fontevraud\\\/#breadcrumb\"},\"inLanguage\":\"en-US\",\"potentialAction\":[{\"@type\":\"ReadAction\",\"target\":[\"https:\\\/\\\/www.valdeloire-travel.com\\\/en\\\/produit\\\/fontevraud\\\/\"]}]},{\"@type\":\"ImageObject\",\"inLanguage\":\"en-US\",\"@id\":\"https:\\\/\\\/www.valdeloire-travel.com\\\/en\\\/produit\\\/fontevraud\\\/#primaryimage\",\"url\":\"https:\\\/\\\/www.valdeloire-travel.com\\\/wp-content\\\/uploads\\\/2017\\\/06\\\/Abbaye-de-Fontevraud-2-1.jpg\",\"contentUrl\":\"https:\\\/\\\/www.valdeloire-travel.com\\\/wp-content\\\/uploads\\\/2017\\\/06\\\/Abbaye-de-Fontevraud-2-1.jpg\",\"width\":800,\"height\":533,\"caption\":\"abbaye de fontevraud\"},{\"@type\":\"BreadcrumbList\",\"@id\":\"https:\\\/\\\/www.valdeloire-travel.com\\\/en\\\/produit\\\/fontevraud\\\/#breadcrumb\",\"itemListElement\":[{\"@type\":\"ListItem\",\"position\":1,\"name\":\"Accueil\",\"item\":\"https:\\\/\\\/www.valdeloire-travel.com\\\/en\\\/\"},{\"@type\":\"ListItem\",\"position\":2,\"name\":\"Boutique\",\"item\":\"https:\\\/\\\/www.valdeloire-travel.com\\\/en\\\/boutique\\\/\"},{\"@type\":\"ListItem\",\"position\":3,\"name\":\"Fontevraud, Chinon &#038; Villandry\"}]},{\"@type\":\"WebSite\",\"@id\":\"https:\\\/\\\/www.valdeloire-travel.com\\\/en\\\/#website\",\"url\":\"https:\\\/\\\/www.valdeloire-travel.com\\\/en\\\/\",\"name\":\"Val de Loire Travel\",\"description\":\"\",\"potentialAction\":[{\"@type\":\"SearchAction\",\"target\":{\"@type\":\"EntryPoint\",\"urlTemplate\":\"https:\\\/\\\/www.valdeloire-travel.com\\\/en\\\/?s={search_term_string}\"},\"query-input\":{\"@type\":\"PropertyValueSpecification\",\"valueRequired\":true,\"valueName\":\"search_term_string\"}}],\"inLanguage\":\"en-US\"}]}<\/script>\n<!-- \/ Yoast SEO plugin. -->","yoast_head_json":{"title":"All inclusive day trip around Fontevraud and Villandry's gardens.","description":"Visit the abbey of Fontevraud, lunch and wine included in a wonderful vineyard in Bourgueil and Villandry's castle and gardens","robots":{"index":"index","follow":"follow","max-snippet":"max-snippet:-1","max-image-preview":"max-image-preview:large","max-video-preview":"max-video-preview:-1"},"canonical":"https:\/\/www.valdeloire-travel.com\/en\/produit\/fontevraud\/","og_locale":"en_US","og_type":"article","og_title":"Jardin de la France Day","og_description":"Votre qu\u00eate d\u2019authenticit\u00e9 d\u00e9butera par la visite du ch\u00e2teau d\u2019Azay-le-Rideau ; construit sur une \u00eele entour\u00e9e par l\u2019Indre, il est consid\u00e9r\u00e9 par les sp\u00e9cialistes comme le joyau du Val de Loire.","og_url":"https:\/\/www.valdeloire-travel.com\/en\/produit\/fontevraud\/","og_site_name":"Val de Loire Travel","article_modified_time":"2025-11-21T10:17:35+00:00","og_image":[{"url":"http:\/\/www.valdeloire-travel.com\/wp-content\/uploads\/2017\/06\/Sans-titre-1.png","type":"","width":"","height":""}],"twitter_card":"summary_large_image","twitter_misc":{"Est. reading time":"1 minute"},"schema":{"@context":"https:\/\/schema.org","@graph":[{"@type":"WebPage","@id":"https:\/\/www.valdeloire-travel.com\/en\/produit\/fontevraud\/","url":"https:\/\/www.valdeloire-travel.com\/en\/produit\/fontevraud\/","name":"All inclusive day trip around Fontevraud and Villandry's gardens.","isPartOf":{"@id":"https:\/\/www.valdeloire-travel.com\/en\/#website"},"primaryImageOfPage":{"@id":"https:\/\/www.valdeloire-travel.com\/en\/produit\/fontevraud\/#primaryimage"},"image":{"@id":"https:\/\/www.valdeloire-travel.com\/en\/produit\/fontevraud\/#primaryimage"},"thumbnailUrl":"https:\/\/www.valdeloire-travel.com\/wp-content\/uploads\/2017\/06\/Abbaye-de-Fontevraud-2-1.jpg","datePublished":"2019-12-23T16:57:13+00:00","dateModified":"2025-11-21T10:17:35+00:00","description":"Visit the abbey of Fontevraud, lunch and wine included in a wonderful vineyard in Bourgueil and Villandry's castle and gardens","breadcrumb":{"@id":"https:\/\/www.valdeloire-travel.com\/en\/produit\/fontevraud\/#breadcrumb"},"inLanguage":"en-US","potentialAction":[{"@type":"ReadAction","target":["https:\/\/www.valdeloire-travel.com\/en\/produit\/fontevraud\/"]}]},{"@type":"ImageObject","inLanguage":"en-US","@id":"https:\/\/www.valdeloire-travel.com\/en\/produit\/fontevraud\/#primaryimage","url":"https:\/\/www.valdeloire-travel.com\/wp-content\/uploads\/2017\/06\/Abbaye-de-Fontevraud-2-1.jpg","contentUrl":"https:\/\/www.valdeloire-travel.com\/wp-content\/uploads\/2017\/06\/Abbaye-de-Fontevraud-2-1.jpg","width":800,"height":533,"caption":"abbaye de fontevraud"},{"@type":"BreadcrumbList","@id":"https:\/\/www.valdeloire-travel.com\/en\/produit\/fontevraud\/#breadcrumb","itemListElement":[{"@type":"ListItem","position":1,"name":"Accueil","item":"https:\/\/www.valdeloire-travel.com\/en\/"},{"@type":"ListItem","position":2,"name":"Boutique","item":"https:\/\/www.valdeloire-travel.com\/en\/boutique\/"},{"@type":"ListItem","position":3,"name":"Fontevraud, Chinon &#038; Villandry"}]},{"@type":"WebSite","@id":"https:\/\/www.valdeloire-travel.com\/en\/#website","url":"https:\/\/www.valdeloire-travel.com\/en\/","name":"Val de Loire Travel","description":"","potentialAction":[{"@type":"SearchAction","target":{"@type":"EntryPoint","urlTemplate":"https:\/\/www.valdeloire-travel.com\/en\/?s={search_term_string}"},"query-input":{"@type":"PropertyValueSpecification","valueRequired":true,"valueName":"search_term_string"}}],"inLanguage":"en-US"}]}},"_links":{"self":[{"href":"https:\/\/www.valdeloire-travel.com\/en\/wp-json\/wp\/v2\/product\/3565","targetHints":{"allow":["GET"]}}],"collection":[{"href":"https:\/\/www.valdeloire-travel.com\/en\/wp-json\/wp\/v2\/product"}],"about":[{"href":"https:\/\/www.valdeloire-travel.com\/en\/wp-json\/wp\/v2\/types\/product"}],"replies":[{"embeddable":true,"href":"https:\/\/www.valdeloire-travel.com\/en\/wp-json\/wp\/v2\/comments?post=3565"}],"wp:featuredmedia":[{"embeddable":true,"href":"https:\/\/www.valdeloire-travel.com\/en\/wp-json\/wp\/v2\/media\/1072"}],"wp:attachment":[{"href":"https:\/\/www.valdeloire-travel.com\/en\/wp-json\/wp\/v2\/media?parent=3565"}],"wp:term":[{"taxonomy":"product_brand","embeddable":true,"href":"https:\/\/www.valdeloire-travel.com\/en\/wp-json\/wp\/v2\/product_brand?post=3565"},{"taxonomy":"product_cat","embeddable":true,"href":"https:\/\/www.valdeloire-travel.com\/en\/wp-json\/wp\/v2\/product_cat?post=3565"},{"taxonomy":"product_tag","embeddable":true,"href":"https:\/\/www.valdeloire-travel.com\/en\/wp-json\/wp\/v2\/product_tag?post=3565"}],"curies":[{"name":"wp","href":"https:\/\/api.w.org\/{rel}","templated":true}]}}