{"id":1776,"date":"2017-06-26T15:25:29","date_gmt":"2017-06-26T13:25:29","guid":{"rendered":"http:\/\/www.valdeloire-travel.com\/produit\/royal-day-copie\/"},"modified":"2025-11-21T11:38:53","modified_gmt":"2025-11-21T10:38:53","slug":"romantic-day","status":"publish","type":"product","link":"https:\/\/www.valdeloire-travel.com\/en\/produit\/romantic-day\/","title":{"rendered":"Azay-le-rideau, winery lunch, Villandry&#8217;s castle\/garden"},"content":{"rendered":"","protected":false},"excerpt":{"rendered":"","protected":false},"featured_media":1024,"comment_status":"closed","ping_status":"closed","template":"","meta":{"_acf_changed":false,"inline_featured_image":false},"product_brand":[],"product_cat":[38],"product_tag":[],"class_list":{"0":"post-1776","1":"product","2":"type-product","3":"status-publish","4":"has-post-thumbnail","6":"product_cat-castle-tour-en","7":"tm-has-options","9":"first","10":"instock","11":"virtual","12":"sold-individually","13":"purchasable","14":"product-type-booking"},"acf":[],"yoast_head":"<!-- This site is optimized with the Yoast SEO plugin v27.4 - https:\/\/yoast.com\/product\/yoast-seo-wordpress\/ -->\n<title>Day trip Loire valley around Villandry, Azay-le-rideau &amp; winery lunch<\/title>\n<meta name=\"description\" content=\"Day trip Loire valley around Villandry&#039;s gardens and Azay-le rideau, lunch in the vineyard, wine included in a family estate\" \/>\n<meta name=\"robots\" content=\"index, follow, max-snippet:-1, max-image-preview:large, max-video-preview:-1\" \/>\n<link rel=\"canonical\" href=\"https:\/\/www.valdeloire-travel.com\/en\/produit\/romantic-day\/\" \/>\n<meta property=\"og:locale\" content=\"en_US\" \/>\n<meta property=\"og:type\" content=\"article\" \/>\n<meta property=\"og:title\" content=\"Jardin de la France Day\" \/>\n<meta property=\"og:description\" content=\"Votre qu\u00eate d\u2019authenticit\u00e9 d\u00e9butera par la visite du ch\u00e2teau d\u2019Azay-le-Rideau ; construit sur une \u00eele entour\u00e9e par l\u2019Indre, il est consid\u00e9r\u00e9 par les sp\u00e9cialistes comme le joyau du Val de Loire.\" \/>\n<meta property=\"og:url\" content=\"https:\/\/www.valdeloire-travel.com\/en\/produit\/romantic-day\/\" \/>\n<meta property=\"og:site_name\" content=\"Val de Loire Travel\" \/>\n<meta property=\"article:modified_time\" content=\"2025-11-21T10:38:53+00:00\" \/>\n<meta property=\"og:image\" content=\"http:\/\/www.valdeloire-travel.com\/wp-content\/uploads\/2017\/06\/Sans-titre-1.png\" \/>\n<meta name=\"twitter:card\" content=\"summary_large_image\" \/>\n<meta name=\"twitter:label1\" content=\"Est. reading time\" \/>\n\t<meta name=\"twitter:data1\" content=\"1 minute\" \/>\n<script type=\"application\/ld+json\" class=\"yoast-schema-graph\">{\"@context\":\"https:\\\/\\\/schema.org\",\"@graph\":[{\"@type\":\"WebPage\",\"@id\":\"https:\\\/\\\/www.valdeloire-travel.com\\\/en\\\/produit\\\/romantic-day\\\/\",\"url\":\"https:\\\/\\\/www.valdeloire-travel.com\\\/en\\\/produit\\\/romantic-day\\\/\",\"name\":\"Day trip Loire valley around Villandry, Azay-le-rideau & winery lunch\",\"isPartOf\":{\"@id\":\"https:\\\/\\\/www.valdeloire-travel.com\\\/en\\\/#website\"},\"primaryImageOfPage\":{\"@id\":\"https:\\\/\\\/www.valdeloire-travel.com\\\/en\\\/produit\\\/romantic-day\\\/#primaryimage\"},\"image\":{\"@id\":\"https:\\\/\\\/www.valdeloire-travel.com\\\/en\\\/produit\\\/romantic-day\\\/#primaryimage\"},\"thumbnailUrl\":\"https:\\\/\\\/www.valdeloire-travel.com\\\/wp-content\\\/uploads\\\/2017\\\/06\\\/Cha\u0302teau-de-Villandry-2.jpg\",\"datePublished\":\"2017-06-26T13:25:29+00:00\",\"dateModified\":\"2025-11-21T10:38:53+00:00\",\"description\":\"Day trip Loire valley around Villandry's gardens and Azay-le rideau, lunch in the vineyard, wine included in a family estate\",\"breadcrumb\":{\"@id\":\"https:\\\/\\\/www.valdeloire-travel.com\\\/en\\\/produit\\\/romantic-day\\\/#breadcrumb\"},\"inLanguage\":\"en-US\",\"potentialAction\":[{\"@type\":\"ReadAction\",\"target\":[\"https:\\\/\\\/www.valdeloire-travel.com\\\/en\\\/produit\\\/romantic-day\\\/\"]}]},{\"@type\":\"ImageObject\",\"inLanguage\":\"en-US\",\"@id\":\"https:\\\/\\\/www.valdeloire-travel.com\\\/en\\\/produit\\\/romantic-day\\\/#primaryimage\",\"url\":\"https:\\\/\\\/www.valdeloire-travel.com\\\/wp-content\\\/uploads\\\/2017\\\/06\\\/Cha\u0302teau-de-Villandry-2.jpg\",\"contentUrl\":\"https:\\\/\\\/www.valdeloire-travel.com\\\/wp-content\\\/uploads\\\/2017\\\/06\\\/Cha\u0302teau-de-Villandry-2.jpg\",\"width\":800,\"height\":533,\"caption\":\"Le ch\u00e2teau de Villandry et ses jardins\"},{\"@type\":\"BreadcrumbList\",\"@id\":\"https:\\\/\\\/www.valdeloire-travel.com\\\/en\\\/produit\\\/romantic-day\\\/#breadcrumb\",\"itemListElement\":[{\"@type\":\"ListItem\",\"position\":1,\"name\":\"Accueil\",\"item\":\"https:\\\/\\\/www.valdeloire-travel.com\\\/en\\\/\"},{\"@type\":\"ListItem\",\"position\":2,\"name\":\"Boutique\",\"item\":\"https:\\\/\\\/www.valdeloire-travel.com\\\/en\\\/boutique\\\/\"},{\"@type\":\"ListItem\",\"position\":3,\"name\":\"Azay-le-rideau, winery lunch, Villandry&rsquo;s castle\\\/garden\"}]},{\"@type\":\"WebSite\",\"@id\":\"https:\\\/\\\/www.valdeloire-travel.com\\\/en\\\/#website\",\"url\":\"https:\\\/\\\/www.valdeloire-travel.com\\\/en\\\/\",\"name\":\"Val de Loire Travel\",\"description\":\"\",\"potentialAction\":[{\"@type\":\"SearchAction\",\"target\":{\"@type\":\"EntryPoint\",\"urlTemplate\":\"https:\\\/\\\/www.valdeloire-travel.com\\\/en\\\/?s={search_term_string}\"},\"query-input\":{\"@type\":\"PropertyValueSpecification\",\"valueRequired\":true,\"valueName\":\"search_term_string\"}}],\"inLanguage\":\"en-US\"}]}<\/script>\n<!-- \/ Yoast SEO plugin. -->","yoast_head_json":{"title":"Day trip Loire valley around Villandry, Azay-le-rideau & winery lunch","description":"Day trip Loire valley around Villandry's gardens and Azay-le rideau, lunch in the vineyard, wine included in a family estate","robots":{"index":"index","follow":"follow","max-snippet":"max-snippet:-1","max-image-preview":"max-image-preview:large","max-video-preview":"max-video-preview:-1"},"canonical":"https:\/\/www.valdeloire-travel.com\/en\/produit\/romantic-day\/","og_locale":"en_US","og_type":"article","og_title":"Jardin de la France Day","og_description":"Votre qu\u00eate d\u2019authenticit\u00e9 d\u00e9butera par la visite du ch\u00e2teau d\u2019Azay-le-Rideau ; construit sur une \u00eele entour\u00e9e par l\u2019Indre, il est consid\u00e9r\u00e9 par les sp\u00e9cialistes comme le joyau du Val de Loire.","og_url":"https:\/\/www.valdeloire-travel.com\/en\/produit\/romantic-day\/","og_site_name":"Val de Loire Travel","article_modified_time":"2025-11-21T10:38:53+00:00","og_image":[{"url":"http:\/\/www.valdeloire-travel.com\/wp-content\/uploads\/2017\/06\/Sans-titre-1.png","type":"","width":"","height":""}],"twitter_card":"summary_large_image","twitter_misc":{"Est. reading time":"1 minute"},"schema":{"@context":"https:\/\/schema.org","@graph":[{"@type":"WebPage","@id":"https:\/\/www.valdeloire-travel.com\/en\/produit\/romantic-day\/","url":"https:\/\/www.valdeloire-travel.com\/en\/produit\/romantic-day\/","name":"Day trip Loire valley around Villandry, Azay-le-rideau & winery lunch","isPartOf":{"@id":"https:\/\/www.valdeloire-travel.com\/en\/#website"},"primaryImageOfPage":{"@id":"https:\/\/www.valdeloire-travel.com\/en\/produit\/romantic-day\/#primaryimage"},"image":{"@id":"https:\/\/www.valdeloire-travel.com\/en\/produit\/romantic-day\/#primaryimage"},"thumbnailUrl":"https:\/\/www.valdeloire-travel.com\/wp-content\/uploads\/2017\/06\/Cha\u0302teau-de-Villandry-2.jpg","datePublished":"2017-06-26T13:25:29+00:00","dateModified":"2025-11-21T10:38:53+00:00","description":"Day trip Loire valley around Villandry's gardens and Azay-le rideau, lunch in the vineyard, wine included in a family estate","breadcrumb":{"@id":"https:\/\/www.valdeloire-travel.com\/en\/produit\/romantic-day\/#breadcrumb"},"inLanguage":"en-US","potentialAction":[{"@type":"ReadAction","target":["https:\/\/www.valdeloire-travel.com\/en\/produit\/romantic-day\/"]}]},{"@type":"ImageObject","inLanguage":"en-US","@id":"https:\/\/www.valdeloire-travel.com\/en\/produit\/romantic-day\/#primaryimage","url":"https:\/\/www.valdeloire-travel.com\/wp-content\/uploads\/2017\/06\/Cha\u0302teau-de-Villandry-2.jpg","contentUrl":"https:\/\/www.valdeloire-travel.com\/wp-content\/uploads\/2017\/06\/Cha\u0302teau-de-Villandry-2.jpg","width":800,"height":533,"caption":"Le ch\u00e2teau de Villandry et ses jardins"},{"@type":"BreadcrumbList","@id":"https:\/\/www.valdeloire-travel.com\/en\/produit\/romantic-day\/#breadcrumb","itemListElement":[{"@type":"ListItem","position":1,"name":"Accueil","item":"https:\/\/www.valdeloire-travel.com\/en\/"},{"@type":"ListItem","position":2,"name":"Boutique","item":"https:\/\/www.valdeloire-travel.com\/en\/boutique\/"},{"@type":"ListItem","position":3,"name":"Azay-le-rideau, winery lunch, Villandry&rsquo;s castle\/garden"}]},{"@type":"WebSite","@id":"https:\/\/www.valdeloire-travel.com\/en\/#website","url":"https:\/\/www.valdeloire-travel.com\/en\/","name":"Val de Loire Travel","description":"","potentialAction":[{"@type":"SearchAction","target":{"@type":"EntryPoint","urlTemplate":"https:\/\/www.valdeloire-travel.com\/en\/?s={search_term_string}"},"query-input":{"@type":"PropertyValueSpecification","valueRequired":true,"valueName":"search_term_string"}}],"inLanguage":"en-US"}]}},"_links":{"self":[{"href":"https:\/\/www.valdeloire-travel.com\/en\/wp-json\/wp\/v2\/product\/1776","targetHints":{"allow":["GET"]}}],"collection":[{"href":"https:\/\/www.valdeloire-travel.com\/en\/wp-json\/wp\/v2\/product"}],"about":[{"href":"https:\/\/www.valdeloire-travel.com\/en\/wp-json\/wp\/v2\/types\/product"}],"replies":[{"embeddable":true,"href":"https:\/\/www.valdeloire-travel.com\/en\/wp-json\/wp\/v2\/comments?post=1776"}],"wp:featuredmedia":[{"embeddable":true,"href":"https:\/\/www.valdeloire-travel.com\/en\/wp-json\/wp\/v2\/media\/1024"}],"wp:attachment":[{"href":"https:\/\/www.valdeloire-travel.com\/en\/wp-json\/wp\/v2\/media?parent=1776"}],"wp:term":[{"taxonomy":"product_brand","embeddable":true,"href":"https:\/\/www.valdeloire-travel.com\/en\/wp-json\/wp\/v2\/product_brand?post=1776"},{"taxonomy":"product_cat","embeddable":true,"href":"https:\/\/www.valdeloire-travel.com\/en\/wp-json\/wp\/v2\/product_cat?post=1776"},{"taxonomy":"product_tag","embeddable":true,"href":"https:\/\/www.valdeloire-travel.com\/en\/wp-json\/wp\/v2\/product_tag?post=1776"}],"curies":[{"name":"wp","href":"https:\/\/api.w.org\/{rel}","templated":true}]}}